{"id":242,"date":"2025-10-31T09:47:12","date_gmt":"2025-10-31T09:47:12","guid":{"rendered":"https:\/\/lavenderblush-woodpecker-123862.hostingersite.com\/?page_id=242"},"modified":"2026-01-05T06:38:26","modified_gmt":"2026-01-05T06:38:26","slug":"send-inquiry","status":"publish","type":"page","link":"https:\/\/lenatees-furniture.com\/vi\/message.html","title":{"rendered":"G\u1eecI Y\u00caU C\u1ea6U"},"content":{"rendered":"<div data-elementor-type=\"wp-page\" data-elementor-id=\"242\" class=\"elementor elementor-242\" data-elementor-post-type=\"page\">\n\t\t\t\t<div class=\"elementor-element elementor-element-a4b2080 e-con-full e-flex e-con e-parent\" data-id=\"a4b2080\" data-element_type=\"container\" data-settings=\"{&quot;background_background&quot;:&quot;classic&quot;}\">\n\t\t\t\t<\/div>\n\t\t<div class=\"elementor-element elementor-element-27eb573 e-flex e-con-boxed e-con e-parent\" data-id=\"27eb573\" data-element_type=\"container\">\n\t\t\t\t\t<div class=\"e-con-inner\">\n\t\t\t\t<div class=\"elementor-element elementor-element-290105a elementor-widget elementor-widget-text-editor\" data-id=\"290105a\" data-element_type=\"widget\" data-widget_type=\"text-editor.default\">\n\t\t\t\t\t\t\t\t\t<p><a class=\"home\" href=\"https:\/\/lenatees-furniture.com\/vi\/\"><span dir=\"auto\" style=\"vertical-align: inherit;\"><span dir=\"auto\" style=\"vertical-align: inherit;\"><span dir=\"auto\" style=\"vertical-align: inherit;\"><span dir=\"auto\" style=\"vertical-align: inherit;\">Trang ch\u1ee7<\/span><\/span><\/span><\/span><\/a><span dir=\"auto\" style=\"vertical-align: inherit;\"><span dir=\"auto\" style=\"vertical-align: inherit;\"><span dir=\"auto\" style=\"vertical-align: inherit;\"><span dir=\"auto\" style=\"vertical-align: inherit;\">\u00a0 \u00a0&gt;\u00a0 \u00a0<\/span><\/span><\/span><\/span><a href=\"https:\/\/lenatees-furniture.com\/vi\/message.html\"><span dir=\"auto\" style=\"vertical-align: inherit;\"><span dir=\"auto\" style=\"vertical-align: inherit;\"><span dir=\"auto\" style=\"vertical-align: inherit;\"><span dir=\"auto\" style=\"vertical-align: inherit;\">Th\u00f4ng \u0111i\u1ec7p<\/span><\/span><\/span><\/span><\/a><\/p>\t\t\t\t\t\t\t\t<\/div>\n\t\t\t\t\t<\/div>\n\t\t\t\t<\/div>\n\t\t<div class=\"elementor-element elementor-element-0cc31a7 e-flex e-con-boxed e-con e-parent\" data-id=\"0cc31a7\" data-element_type=\"container\">\n\t\t\t\t\t<div class=\"e-con-inner\">\n\t\t\t\t<div class=\"elementor-element elementor-element-3326260 elementor-widget elementor-widget-heading\" data-id=\"3326260\" data-element_type=\"widget\" data-widget_type=\"heading.default\">\n\t\t\t\t\t<h1 class=\"elementor-heading-title elementor-size-default\">G\u1eedi y\u00eau c\u1ea7u\n<\/h1>\t\t\t\t<\/div>\n\t\t\t\t<div class=\"elementor-element elementor-element-ed7ef4c elementor-widget elementor-widget-text-editor\" data-id=\"ed7ef4c\" data-element_type=\"widget\" data-widget_type=\"text-editor.default\">\n\t\t\t\t\t\t\t\t\t<div class=\"class-info\">\u0110\u1ec3 bi\u1ebft th\u00eam th\u00f4ng tin v\u1ec1 gh\u1ebf ph\u00f2ng kh\u00e1ch, gi\u01b0\u1eddng \u0111a n\u0103ng, gi\u01b0\u1eddng hi\u1ec7n \u0111\u1ea1i ho\u1eb7c b\u1ea3ng gi\u00e1, vui l\u00f2ng \u0111\u1ec3 l\u1ea1i \u0111\u1ecba ch\u1ec9 email c\u1ee7a qu\u00fd kh\u00e1ch cho ch\u00fang t\u00f4i v\u00e0 ch\u00fang t\u00f4i s\u1ebd li\u00ean h\u1ec7 l\u1ea1i trong v\u00f2ng 24 gi\u1edd.<\/div>\n<div class=\"class-name\">\u00a0<\/div>\n<div class=\"class-content\">\n<div id=\"form\" class=\"form\">\u00a0<\/div>\n<\/div>\t\t\t\t\t\t\t\t<\/div>\n\t\t\t\t<div class=\"elementor-element elementor-element-dbc7e84 elementor-button-align-start elementor-widget__width-initial elementor-widget elementor-widget-form\" data-id=\"dbc7e84\" data-element_type=\"widget\" data-settings=\"{&quot;button_width&quot;:&quot;70&quot;,&quot;step_next_label&quot;:&quot;Next&quot;,&quot;step_previous_label&quot;:&quot;Previous&quot;,&quot;step_type&quot;:&quot;number&quot;,&quot;step_icon_shape&quot;:&quot;circle&quot;}\" data-widget_type=\"form.default\">\n\t\t\t\t\t\t\t<form class=\"elementor-form\" method=\"post\" name=\"New Form\" aria-label=\"M\u1eabu m\u1edbi\" action=\"\">\n\t\t\t<input type=\"hidden\" name=\"post_id\" value=\"242\"\/>\n\t\t\t<input type=\"hidden\" name=\"form_id\" value=\"dbc7e84\"\/>\n\t\t\t<input type=\"hidden\" name=\"referer_title\" value=\"lenatees-furniture.com\" \/>\n\n\t\t\t\n\t\t\t<div class=\"elementor-form-fields-wrapper elementor-labels-above\">\n\t\t\t\t\t\t\t\t<div class=\"elementor-field-type-text elementor-field-group elementor-column elementor-field-group-name elementor-col-50 elementor-field-required\">\n\t\t\t\t\t\t\t\t\t\t\t\t\t<input size=\"1\" type=\"text\" name=\"form_fields[name]\" id=\"form-field-name\" class=\"elementor-field elementor-size-sm  elementor-field-textual\" placeholder=\"Ch\u1ee7 \u0111\u1ec1*\" required=\"required\">\n\t\t\t\t\t\t\t\t\t\t\t<\/div>\n\t\t\t\t\t\t\t\t<div class=\"elementor-field-type-text elementor-field-group elementor-column elementor-field-group-field_69b8f37 elementor-col-50 elementor-field-required\">\n\t\t\t\t\t\t\t\t\t\t\t\t\t<input size=\"1\" type=\"text\" name=\"form_fields[field_69b8f37]\" id=\"form-field-field_69b8f37\" class=\"elementor-field elementor-size-sm  elementor-field-textual\" placeholder=\"C\u00f4ng ty\" required=\"required\">\n\t\t\t\t\t\t\t\t\t\t\t<\/div>\n\t\t\t\t\t\t\t\t<div class=\"elementor-field-type-email elementor-field-group elementor-column elementor-field-group-email elementor-col-50 elementor-field-required\">\n\t\t\t\t\t\t\t\t\t\t\t\t\t<input size=\"1\" type=\"email\" name=\"form_fields[email]\" id=\"form-field-email\" class=\"elementor-field elementor-size-sm  elementor-field-textual\" placeholder=\"Email*\" required=\"required\">\n\t\t\t\t\t\t\t\t\t\t\t<\/div>\n\t\t\t\t\t\t\t\t<div class=\"elementor-field-type-text elementor-field-group elementor-column elementor-field-group-field_d81388c elementor-col-50 elementor-field-required\">\n\t\t\t\t\t\t\t\t\t\t\t\t\t<input size=\"1\" type=\"text\" name=\"form_fields[field_d81388c]\" id=\"form-field-field_d81388c\" class=\"elementor-field elementor-size-sm  elementor-field-textual\" placeholder=\"T\u00ean*\" required=\"required\">\n\t\t\t\t\t\t\t\t\t\t\t<\/div>\n\t\t\t\t\t\t\t\t<div class=\"elementor-field-type-text elementor-field-group elementor-column elementor-field-group-field_115a7f3 elementor-col-50 elementor-field-required\">\n\t\t\t\t\t\t\t\t\t\t\t\t\t<input size=\"1\" type=\"text\" name=\"form_fields[field_115a7f3]\" id=\"form-field-field_115a7f3\" class=\"elementor-field elementor-size-sm  elementor-field-textual\" placeholder=\"\u0110i\u1ec7n tho\u1ea1i\/WhatsApp\" required=\"required\">\n\t\t\t\t\t\t\t\t\t\t\t<\/div>\n\t\t\t\t\t\t\t\t<div class=\"elementor-field-type-textarea elementor-field-group elementor-column elementor-field-group-message elementor-col-100 elementor-field-required\">\n\t\t\t\t\t<textarea class=\"elementor-field-textual elementor-field  elementor-size-sm\" name=\"form_fields[message]\" id=\"form-field-message\" rows=\"4\" placeholder=\"N\u1ed9i dung*\" required=\"required\"><\/textarea>\t\t\t\t<\/div>\n\t\t\t\t\t\t\t\t<div class=\"elementor-field-group elementor-column elementor-field-type-submit elementor-col-70 e-form__buttons\">\n\t\t\t\t\t<button class=\"elementor-button elementor-size-sm\" type=\"submit\">\n\t\t\t\t\t\t<span class=\"elementor-button-content-wrapper\">\n\t\t\t\t\t\t\t\t\t\t\t\t\t\t\t\t\t\t\t\t\t\t<span class=\"elementor-button-text\">G\u1eedi<\/span>\n\t\t\t\t\t\t\t\t\t\t\t\t\t<\/span>\n\t\t\t\t\t<\/button>\n\t\t\t\t<\/div>\n\t\t\t<\/div>\n\t\t<input type=\"hidden\" name=\"trp-form-language\" value=\"vi\"\/><\/form>\n\t\t\t\t\t\t<\/div>\n\t\t\t\t<div class=\"elementor-element elementor-element-b136054 elementor-widget elementor-widget-spacer\" data-id=\"b136054\" data-element_type=\"widget\" data-widget_type=\"spacer.default\">\n\t\t\t\t\t\t\t<div class=\"elementor-spacer\">\n\t\t\t<div class=\"elementor-spacer-inner\"><\/div>\n\t\t<\/div>\n\t\t\t\t\t\t<\/div>\n\t\t\t\t\t<\/div>\n\t\t\t\t<\/div>\n\t\t\t\t<\/div>","protected":false},"excerpt":{"rendered":"<p>Home\u00a0 \u00a0&gt;\u00a0 \u00a0Message Send Inquiry For inquiries about living room chair, multifunctional bed, modern bed or price list, please leave [&hellip;]<\/p>","protected":false},"author":1,"featured_media":8040,"parent":0,"menu_order":0,"comment_status":"closed","ping_status":"closed","template":"","meta":{"site-sidebar-layout":"no-sidebar","site-content-layout":"","ast-site-content-layout":"full-width-container","site-content-style":"default","site-sidebar-style":"default","ast-global-header-display":"","ast-banner-title-visibility":"","ast-main-header-display":"","ast-hfb-above-header-display":"","ast-hfb-below-header-display":"","ast-hfb-mobile-header-display":"","site-post-title":"disabled","ast-breadcrumbs-content":"","ast-featured-img":"disabled","footer-sml-layout":"","theme-transparent-header-meta":"","adv-header-id-meta":"","stick-header-meta":"","header-above-stick-meta":"","header-main-stick-meta":"","header-below-stick-meta":"","astra-migrate-meta-layouts":"default","ast-page-background-enabled":"default","ast-page-background-meta":{"desktop":{"background-color":"var(--ast-global-color-5)","background-image":"","background-repeat":"repeat","background-position":"center center","background-size":"auto","background-attachment":"scroll","background-type":"","background-media":"","overlay-type":"","overlay-color":"","overlay-opacity":"","overlay-gradient":""},"tablet":{"background-color":"","background-image":"","background-repeat":"repeat","background-position":"center center","background-size":"auto","background-attachment":"scroll","background-type":"","background-media":"","overlay-type":"","overlay-color":"","overlay-opacity":"","overlay-gradient":""},"mobile":{"background-color":"","background-image":"","background-repeat":"repeat","background-position":"center center","background-size":"auto","background-attachment":"scroll","background-type":"","background-media":"","overlay-type":"","overlay-color":"","overlay-opacity":"","overlay-gradient":""}},"ast-content-background-meta":{"desktop":{"background-color":"var(--ast-global-color-4)","background-image":"","background-repeat":"repeat","background-position":"center center","background-size":"auto","background-attachment":"scroll","background-type":"","background-media":"","overlay-type":"","overlay-color":"","overlay-opacity":"","overlay-gradient":""},"tablet":{"background-color":"var(--ast-global-color-4)","background-image":"","background-repeat":"repeat","background-position":"center center","background-size":"auto","background-attachment":"scroll","background-type":"","background-media":"","overlay-type":"","overlay-color":"","overlay-opacity":"","overlay-gradient":""},"mobile":{"background-color":"var(--ast-global-color-4)","background-image":"","background-repeat":"repeat","background-position":"center center","background-size":"auto","background-attachment":"scroll","background-type":"","background-media":"","overlay-type":"","overlay-color":"","overlay-opacity":"","overlay-gradient":""}},"footnotes":""},"class_list":["post-242","page","type-page","status-publish","has-post-thumbnail","hentry"],"yoast_head":"<!-- This site is optimized with the Yoast SEO Premium plugin v26.6 (Yoast SEO v26.6) - https:\/\/yoast.com\/wordpress\/plugins\/seo\/ -->\n<title>Send Inquiry - Foshan Hong Sui Xiang Furniture Co.,Ltd<\/title>\n<meta name=\"description\" content=\"For inquiries about living room chair, multifunctional bed, modern bed or price list, please leave your email to us and we will be in touch within 24 hours\" \/>\n<meta name=\"robots\" content=\"index, follow, max-snippet:-1, max-image-preview:large, max-video-preview:-1\" \/>\n<link rel=\"canonical\" href=\"https:\/\/lenatees-furniture.com\/vi\/message.html\" \/>\n<meta property=\"og:locale\" content=\"vi_VN\" \/>\n<meta property=\"og:type\" content=\"article\" \/>\n<meta property=\"og:title\" content=\"SEND INQUIRY\" \/>\n<meta property=\"og:description\" content=\"For inquiries about living room chair, multifunctional bed, modern bed or price list, please leave your email to us and we will be in touch within 24 hours\" \/>\n<meta property=\"og:url\" content=\"https:\/\/lenatees-furniture.com\/vi\/message.html\" \/>\n<meta property=\"og:site_name\" content=\"lenatees-furniture.com\" \/>\n<meta property=\"article:publisher\" content=\"https:\/\/www.facebook.com\/login\/?next=https%3a%2f%2fwww.facebook.com%2fLenatees-Furniture-105846831702366\" \/>\n<meta property=\"article:modified_time\" content=\"2026-01-05T06:38:26+00:00\" \/>\n<meta property=\"og:image\" content=\"https:\/\/lenatees-furniture.com\/wp-content\/uploads\/2025\/12\/kid-s-girl-bedroom-single-bed_144100.jpg\" \/>\n\t<meta property=\"og:image:width\" content=\"800\" \/>\n\t<meta property=\"og:image:height\" content=\"800\" \/>\n\t<meta property=\"og:image:type\" content=\"image\/jpeg\" \/>\n<meta name=\"twitter:card\" content=\"summary_large_image\" \/>\n<meta name=\"twitter:label1\" content=\"\u01af\u1edbc t\u00ednh th\u1eddi gian \u0111\u1ecdc\" \/>\n\t<meta name=\"twitter:data1\" content=\"1 ph\u00fat\" \/>\n<script type=\"application\/ld+json\" class=\"yoast-schema-graph\">{\"@context\":\"https:\/\/schema.org\",\"@graph\":[{\"@type\":\"WebPage\",\"@id\":\"https:\/\/lenatees-furniture.com\/vi\/message.html\",\"url\":\"https:\/\/lenatees-furniture.com\/vi\/message.html\",\"name\":\"Send Inquiry - Foshan Hong Sui Xiang Furniture Co.,Ltd\",\"isPartOf\":{\"@id\":\"https:\/\/lenatees-furniture.com\/vi\/#website\"},\"primaryImageOfPage\":{\"@id\":\"https:\/\/lenatees-furniture.com\/vi\/message.html#primaryimage\"},\"image\":{\"@id\":\"https:\/\/lenatees-furniture.com\/vi\/message.html#primaryimage\"},\"thumbnailUrl\":\"https:\/\/lenatees-furniture.com\/wp-content\/uploads\/2025\/12\/kid-s-girl-bedroom-single-bed_144100.jpg\",\"datePublished\":\"2025-10-31T09:47:12+00:00\",\"dateModified\":\"2026-01-05T06:38:26+00:00\",\"description\":\"For inquiries about living room chair, multifunctional bed, modern bed or price list, please leave your email to us and we will be in touch within 24 hours\",\"breadcrumb\":{\"@id\":\"https:\/\/lenatees-furniture.com\/vi\/message.html#breadcrumb\"},\"inLanguage\":\"vi\",\"potentialAction\":[{\"@type\":\"ReadAction\",\"target\":[\"https:\/\/lenatees-furniture.com\/vi\/message.html\"]}]},{\"@type\":\"ImageObject\",\"inLanguage\":\"vi\",\"@id\":\"https:\/\/lenatees-furniture.com\/vi\/message.html#primaryimage\",\"url\":\"https:\/\/lenatees-furniture.com\/wp-content\/uploads\/2025\/12\/kid-s-girl-bedroom-single-bed_144100.jpg\",\"contentUrl\":\"https:\/\/lenatees-furniture.com\/wp-content\/uploads\/2025\/12\/kid-s-girl-bedroom-single-bed_144100.jpg\",\"width\":800,\"height\":800,\"caption\":\"Children Bed\"},{\"@type\":\"BreadcrumbList\",\"@id\":\"https:\/\/lenatees-furniture.com\/vi\/message.html#breadcrumb\",\"itemListElement\":[{\"@type\":\"ListItem\",\"position\":1,\"name\":\"\u9996\u9875\",\"item\":\"https:\/\/lenatees-furniture.com\/\"},{\"@type\":\"ListItem\",\"position\":2,\"name\":\"SEND INQUIRY\"}]},{\"@type\":\"WebSite\",\"@id\":\"https:\/\/lenatees-furniture.com\/vi\/#website\",\"url\":\"https:\/\/lenatees-furniture.com\/vi\/\",\"name\":\"lenatees-furniture.com\",\"description\":\"\",\"publisher\":{\"@id\":\"https:\/\/lenatees-furniture.com\/vi\/#organization\"},\"potentialAction\":[{\"@type\":\"SearchAction\",\"target\":{\"@type\":\"EntryPoint\",\"urlTemplate\":\"https:\/\/lenatees-furniture.com\/vi\/?s={search_term_string}\"},\"query-input\":{\"@type\":\"PropertyValueSpecification\",\"valueRequired\":true,\"valueName\":\"search_term_string\"}}],\"inLanguage\":\"vi\"},{\"@type\":\"Organization\",\"@id\":\"https:\/\/lenatees-furniture.com\/vi\/#organization\",\"name\":\"%%sitename%%\",\"alternateName\":\"lenatees-furniture\",\"url\":\"https:\/\/lenatees-furniture.com\/vi\/\",\"logo\":{\"@type\":\"ImageObject\",\"inLanguage\":\"vi\",\"@id\":\"https:\/\/lenatees-furniture.com\/vi\/#\/schema\/logo\/image\/\",\"url\":\"https:\/\/lenatees-furniture.com\/wp-content\/uploads\/2025\/10\/20221215111223334995.png\",\"contentUrl\":\"https:\/\/lenatees-furniture.com\/wp-content\/uploads\/2025\/10\/20221215111223334995.png\",\"width\":155,\"height\":58,\"caption\":\"%%sitename%%\"},\"image\":{\"@id\":\"https:\/\/lenatees-furniture.com\/vi\/#\/schema\/logo\/image\/\"},\"sameAs\":[\"https:\/\/www.facebook.com\/login\/?next=https:\/\/www.facebook.com\/Lenatees-Furniture-105846831702366\",\"https:\/\/lenateeshome.en.alibaba.com\"],\"description\":\"Lenatees Furniture | Foshan Furniture Factory & Recliner Sofa Manufacturer\",\"email\":\"holashanice@gmail.com\",\"telephone\":\"+86 13823494762\",\"legalName\":\"holashanice\",\"foundingDate\":\"2009-09-09\",\"numberOfEmployees\":{\"@type\":\"QuantitativeValue\",\"minValue\":\"51\",\"maxValue\":\"200\"}}]}<\/script>\n<!-- \/ Yoast SEO Premium plugin. -->","yoast_head_json":{"title":"G\u1eedi y\u00eau c\u1ea7u - C\u00f4ng ty TNHH N\u1ed9i th\u1ea5t Foshan Hong Sui Xiang","description":"\u0110\u1ec3 bi\u1ebft th\u00eam th\u00f4ng tin v\u1ec1 gh\u1ebf ph\u00f2ng kh\u00e1ch, gi\u01b0\u1eddng \u0111a n\u0103ng, gi\u01b0\u1eddng hi\u1ec7n \u0111\u1ea1i ho\u1eb7c b\u1ea3ng gi\u00e1, vui l\u00f2ng \u0111\u1ec3 l\u1ea1i \u0111\u1ecba ch\u1ec9 email c\u1ee7a qu\u00fd kh\u00e1ch cho ch\u00fang t\u00f4i v\u00e0 ch\u00fang t\u00f4i s\u1ebd li\u00ean h\u1ec7 l\u1ea1i trong v\u00f2ng 24 gi\u1edd.","robots":{"index":"index","follow":"follow","max-snippet":"max-snippet:-1","max-image-preview":"max-image-preview:large","max-video-preview":"max-video-preview:-1"},"canonical":"https:\/\/lenatees-furniture.com\/vi\/message.html","og_locale":"vi_VN","og_type":"article","og_title":"SEND INQUIRY","og_description":"For inquiries about living room chair, multifunctional bed, modern bed or price list, please leave your email to us and we will be in touch within 24 hours","og_url":"https:\/\/lenatees-furniture.com\/vi\/message.html","og_site_name":"lenatees-furniture.com","article_publisher":"https:\/\/www.facebook.com\/login\/?next=https%3a%2f%2fwww.facebook.com%2fLenatees-Furniture-105846831702366","article_modified_time":"2026-01-05T06:38:26+00:00","og_image":[{"width":800,"height":800,"url":"https:\/\/lenatees-furniture.com\/wp-content\/uploads\/2025\/12\/kid-s-girl-bedroom-single-bed_144100.jpg","type":"image\/jpeg"}],"twitter_card":"summary_large_image","twitter_misc":{"\u01af\u1edbc t\u00ednh th\u1eddi gian \u0111\u1ecdc":"1 ph\u00fat"},"schema":{"@context":"https:\/\/schema.org","@graph":[{"@type":"WebPage","@id":"https:\/\/lenatees-furniture.com\/vi\/message.html","url":"https:\/\/lenatees-furniture.com\/vi\/message.html","name":"G\u1eedi y\u00eau c\u1ea7u - C\u00f4ng ty TNHH N\u1ed9i th\u1ea5t Foshan Hong Sui Xiang","isPartOf":{"@id":"https:\/\/lenatees-furniture.com\/vi\/#website"},"primaryImageOfPage":{"@id":"https:\/\/lenatees-furniture.com\/vi\/message.html#primaryimage"},"image":{"@id":"https:\/\/lenatees-furniture.com\/vi\/message.html#primaryimage"},"thumbnailUrl":"https:\/\/lenatees-furniture.com\/wp-content\/uploads\/2025\/12\/kid-s-girl-bedroom-single-bed_144100.jpg","datePublished":"2025-10-31T09:47:12+00:00","dateModified":"2026-01-05T06:38:26+00:00","description":"\u0110\u1ec3 bi\u1ebft th\u00eam th\u00f4ng tin v\u1ec1 gh\u1ebf ph\u00f2ng kh\u00e1ch, gi\u01b0\u1eddng \u0111a n\u0103ng, gi\u01b0\u1eddng hi\u1ec7n \u0111\u1ea1i ho\u1eb7c b\u1ea3ng gi\u00e1, vui l\u00f2ng \u0111\u1ec3 l\u1ea1i \u0111\u1ecba ch\u1ec9 email c\u1ee7a qu\u00fd kh\u00e1ch cho ch\u00fang t\u00f4i v\u00e0 ch\u00fang t\u00f4i s\u1ebd li\u00ean h\u1ec7 l\u1ea1i trong v\u00f2ng 24 gi\u1edd.","breadcrumb":{"@id":"https:\/\/lenatees-furniture.com\/vi\/message.html#breadcrumb"},"inLanguage":"vi","potentialAction":[{"@type":"ReadAction","target":["https:\/\/lenatees-furniture.com\/vi\/message.html"]}]},{"@type":"ImageObject","inLanguage":"vi","@id":"https:\/\/lenatees-furniture.com\/vi\/message.html#primaryimage","url":"https:\/\/lenatees-furniture.com\/wp-content\/uploads\/2025\/12\/kid-s-girl-bedroom-single-bed_144100.jpg","contentUrl":"https:\/\/lenatees-furniture.com\/wp-content\/uploads\/2025\/12\/kid-s-girl-bedroom-single-bed_144100.jpg","width":800,"height":800,"caption":"Children Bed"},{"@type":"BreadcrumbList","@id":"https:\/\/lenatees-furniture.com\/vi\/message.html#breadcrumb","itemListElement":[{"@type":"ListItem","position":1,"name":"\u9996\u9875","item":"https:\/\/lenatees-furniture.com\/"},{"@type":"ListItem","position":2,"name":"SEND INQUIRY"}]},{"@type":"WebSite","@id":"https:\/\/lenatees-furniture.com\/vi\/#website","url":"https:\/\/lenatees-furniture.com\/vi\/","name":"lenatees-furniture.com","description":"","publisher":{"@id":"https:\/\/lenatees-furniture.com\/vi\/#organization"},"potentialAction":[{"@type":"SearchAction","target":{"@type":"EntryPoint","urlTemplate":"https:\/\/lenatees-furniture.com\/vi\/?s={search_term_string}"},"query-input":{"@type":"PropertyValueSpecification","valueRequired":true,"valueName":"search_term_string"}}],"inLanguage":"vi"},{"@type":"Organization","@id":"https:\/\/lenatees-furniture.com\/vi\/#organization","name":"%%sitename%%","alternateName":"lenatees-furniture","url":"https:\/\/lenatees-furniture.com\/vi\/","logo":{"@type":"ImageObject","inLanguage":"vi","@id":"https:\/\/lenatees-furniture.com\/vi\/#\/schema\/logo\/image\/","url":"https:\/\/lenatees-furniture.com\/wp-content\/uploads\/2025\/10\/20221215111223334995.png","contentUrl":"https:\/\/lenatees-furniture.com\/wp-content\/uploads\/2025\/10\/20221215111223334995.png","width":155,"height":58,"caption":"%%sitename%%"},"image":{"@id":"https:\/\/lenatees-furniture.com\/vi\/#\/schema\/logo\/image\/"},"sameAs":["https:\/\/www.facebook.com\/login\/?next=https:\/\/www.facebook.com\/Lenatees-Furniture-105846831702366","https:\/\/lenateeshome.en.alibaba.com"],"description":"Lenatees Furniture | Foshan Furniture Factory & Recliner Sofa Manufacturer","email":"holashanice@gmail.com","telephone":"+86 13823494762","legalName":"holashanice","foundingDate":"2009-09-09","numberOfEmployees":{"@type":"QuantitativeValue","minValue":"51","maxValue":"200"}}]}},"_links":{"self":[{"href":"https:\/\/lenatees-furniture.com\/vi\/wp-json\/wp\/v2\/pages\/242","targetHints":{"allow":["GET"]}}],"collection":[{"href":"https:\/\/lenatees-furniture.com\/vi\/wp-json\/wp\/v2\/pages"}],"about":[{"href":"https:\/\/lenatees-furniture.com\/vi\/wp-json\/wp\/v2\/types\/page"}],"author":[{"embeddable":true,"href":"https:\/\/lenatees-furniture.com\/vi\/wp-json\/wp\/v2\/users\/1"}],"replies":[{"embeddable":true,"href":"https:\/\/lenatees-furniture.com\/vi\/wp-json\/wp\/v2\/comments?post=242"}],"version-history":[{"count":62,"href":"https:\/\/lenatees-furniture.com\/vi\/wp-json\/wp\/v2\/pages\/242\/revisions"}],"predecessor-version":[{"id":12974,"href":"https:\/\/lenatees-furniture.com\/vi\/wp-json\/wp\/v2\/pages\/242\/revisions\/12974"}],"wp:featuredmedia":[{"embeddable":true,"href":"https:\/\/lenatees-furniture.com\/vi\/wp-json\/wp\/v2\/media\/8040"}],"wp:attachment":[{"href":"https:\/\/lenatees-furniture.com\/vi\/wp-json\/wp\/v2\/media?parent=242"}],"curies":[{"name":"wp","href":"https:\/\/api.w.org\/{rel}","templated":true}]}}